{"id":245,"date":"2021-11-03T10:20:29","date_gmt":"2021-11-03T10:20:29","guid":{"rendered":"http:\/\/www.lovehumans.es\/?page_id=245"},"modified":"2021-12-03T14:47:08","modified_gmt":"2021-12-03T14:47:08","slug":"inicio","status":"publish","type":"page","link":"https:\/\/www.lovehumans.es\/","title":{"rendered":"Inicio"},"content":{"rendered":"\t\t<div data-elementor-type=\"wp-page\" data-elementor-id=\"245\" class=\"elementor elementor-245\" data-elementor-settings=\"[]\">\n\t\t\t\t\t\t\t<div class=\"elementor-section-wrap\">\n\t\t\t\t\t\t\t<section class=\"elementor-section elementor-top-section elementor-element elementor-element-d157e7d elementor-section-boxed elementor-section-height-default elementor-section-height-default\" data-id=\"d157e7d\" data-element_type=\"section\">\n\t\t\t\t\t\t<div class=\"elementor-container elementor-column-gap-default\">\n\t\t\t\t\t<div class=\"elementor-column elementor-col-50 elementor-top-column elementor-element elementor-element-5a78970\" data-id=\"5a78970\" data-element_type=\"column\">\n\t\t\t<div class=\"elementor-widget-wrap\">\n\t\t\t\t\t\t\t\t\t<\/div>\n\t\t<\/div>\n\t\t\t\t<div class=\"elementor-column elementor-col-50 elementor-top-column elementor-element elementor-element-33fe7f7\" data-id=\"33fe7f7\" data-element_type=\"column\">\n\t\t\t<div class=\"elementor-widget-wrap\">\n\t\t\t\t\t\t\t\t\t<\/div>\n\t\t<\/div>\n\t\t\t\t\t\t\t<\/div>\n\t\t<\/section>\n\t\t\t\t<section class=\"elementor-section elementor-top-section elementor-element elementor-element-f6d832b elementor-hidden-mobile elementor-section-boxed elementor-section-height-default elementor-section-height-default\" data-id=\"f6d832b\" data-element_type=\"section\" data-settings=\"{&quot;background_background&quot;:&quot;classic&quot;}\">\n\t\t\t\t\t\t<div class=\"elementor-container elementor-column-gap-default\">\n\t\t\t\t\t<div class=\"elementor-column elementor-col-50 elementor-top-column elementor-element elementor-element-83e8b78\" data-id=\"83e8b78\" data-element_type=\"column\" data-settings=\"{&quot;background_background&quot;:&quot;classic&quot;}\">\n\t\t\t<div class=\"elementor-widget-wrap\">\n\t\t\t\t\t\t\t\t\t<\/div>\n\t\t<\/div>\n\t\t\t\t<div class=\"elementor-column elementor-col-50 elementor-top-column elementor-element elementor-element-2abc4eb\" data-id=\"2abc4eb\" data-element_type=\"column\">\n\t\t\t<div class=\"elementor-widget-wrap elementor-element-populated\">\n\t\t\t\t\t\t\t\t<div class=\"elementor-element elementor-element-d1e7f27 elementor-widget elementor-widget-heading\" data-id=\"d1e7f27\" data-element_type=\"widget\" data-widget_type=\"heading.default\">\n\t\t\t\t<div class=\"elementor-widget-container\">\n\t\t\t<h2 class=\"elementor-heading-title elementor-size-default\">1000 IDEAS PARA VIVIR EN EL SIGLO XXI<\/h2>\t\t<\/div>\n\t\t\t\t<\/div>\n\t\t\t\t<div class=\"elementor-element elementor-element-053744c elementor-widget elementor-widget-text-editor\" data-id=\"053744c\" data-element_type=\"widget\" data-widget_type=\"text-editor.default\">\n\t\t\t\t<div class=\"elementor-widget-container\">\n\t\t\t\t\t\t\t<p>Este libro pretende inspirar un movimiento global enfocado al bienestar individual y colectivo de todos los seres humanos. Te ayudar\u00e1 a desarrollar todo tu potencial para que puedas tener un impacto positivo en tu entorno y en la vida de los dem\u00e1s. Desde una perspectiva singular, te permitir\u00e1 tener una nueva visi\u00f3n sobre los problemas actuales de la humanidad como nunca los hab\u00edas pensado antes. Despu\u00e9s de leer este libro ver\u00e1s el mundo con otros ojos.<\/p><p>Todos sabemos todo pero no lo ponemos en pr\u00e1ctica \u00bfte resulta familiar? Te ofrezco unas originales y f\u00e1ciles herramientas para afrontar y resolver tus problemas cotidianos. Desde conceptos b\u00e1sicos como perspectiva, hiperrealidad y auto-responsabilidad.<\/p><p>Analizaremos los problemas actuales con una perspectiva completa, observando el pasado, presente y futuro de temas como: el trabajo, la salud mental, las redes sociales, el ecologismo, el feminismo, el sexo, la familia, el dinero, los gobiernos, as\u00ed como las ideas y valores en este mundo globalizado.<\/p><p>Una visi\u00f3n humanista de la realidad, que te har\u00e1 valorarte, valorar a los dem\u00e1s y valorar lo mucho o poco que tengas.<\/p><p>\u00a1Hagamos marca! \u00bfHacemos algo juntos?<\/p>\t\t\t\t\t\t<\/div>\n\t\t\t\t<\/div>\n\t\t\t\t<div class=\"elementor-element elementor-element-7d59890 elementor-widget elementor-widget-button\" data-id=\"7d59890\" data-element_type=\"widget\" data-widget_type=\"button.default\">\n\t\t\t\t<div class=\"elementor-widget-container\">\n\t\t\t\t\t<div class=\"elementor-button-wrapper\">\n\t\t\t<a href=\"https:\/\/amzn.to\/3xBZf5C\" class=\"elementor-button-link elementor-button elementor-size-md\" role=\"button\">\n\t\t\t\t\t\t<span class=\"elementor-button-content-wrapper\">\n\t\t\t\t\t\t<span class=\"elementor-button-icon elementor-align-icon-left\">\n\t\t\t\t<i aria-hidden=\"true\" class=\"fab fa-amazon\"><\/i>\t\t\t<\/span>\n\t\t\t\t\t\t<span class=\"elementor-button-text\">Comprar en Amazon<\/span>\n\t\t<\/span>\n\t\t\t\t\t<\/a>\n\t\t<\/div>\n\t\t\t\t<\/div>\n\t\t\t\t<\/div>\n\t\t\t\t\t<\/div>\n\t\t<\/div>\n\t\t\t\t\t\t\t<\/div>\n\t\t<\/section>\n\t\t\t\t<section class=\"elementor-section elementor-top-section elementor-element elementor-element-a998b41 elementor-hidden-tablet elementor-hidden-desktop elementor-section-boxed elementor-section-height-default elementor-section-height-default\" data-id=\"a998b41\" data-element_type=\"section\" data-settings=\"{&quot;background_background&quot;:&quot;classic&quot;}\">\n\t\t\t\t\t\t<div class=\"elementor-container elementor-column-gap-default\">\n\t\t\t\t\t<div class=\"elementor-column elementor-col-100 elementor-top-column elementor-element elementor-element-a1232a7\" data-id=\"a1232a7\" data-element_type=\"column\">\n\t\t\t<div class=\"elementor-widget-wrap elementor-element-populated\">\n\t\t\t\t\t\t\t\t<div class=\"elementor-element elementor-element-2e5e5d7 elementor-widget elementor-widget-heading\" data-id=\"2e5e5d7\" data-element_type=\"widget\" data-widget_type=\"heading.default\">\n\t\t\t\t<div class=\"elementor-widget-container\">\n\t\t\t<h2 class=\"elementor-heading-title elementor-size-default\">1000 IDEAS PARA VIVIR EN EL SIGLO XXI<\/h2>\t\t<\/div>\n\t\t\t\t<\/div>\n\t\t\t\t<div class=\"elementor-element elementor-element-21a108c elementor-widget elementor-widget-heading\" data-id=\"21a108c\" data-element_type=\"widget\" data-widget_type=\"heading.default\">\n\t\t\t\t<div class=\"elementor-widget-container\">\n\t\t\t<h2 class=\"elementor-heading-title elementor-size-default\">1000 reflexiones para combatir el pesimismo global actual que injustamente hace que los humanos seamos la marca m\u00e1s infravalorada de la historia<\/h2>\t\t<\/div>\n\t\t\t\t<\/div>\n\t\t\t\t<div class=\"elementor-element elementor-element-db9bf8a elementor-widget elementor-widget-text-editor\" data-id=\"db9bf8a\" data-element_type=\"widget\" data-widget_type=\"text-editor.default\">\n\t\t\t\t<div class=\"elementor-widget-container\">\n\t\t\t\t\t\t\t<p>Este libro pretende inspirar un movimiento global enfocado al bienestar individual y colectivo de todos los seres humanos. Te ayudar\u00e1 a desarrollar todo tu potencial para que puedas tener un impacto positivo en tu entorno y en la vida de los dem\u00e1s. Desde una perspectiva singular, te permitir\u00e1 tener una nueva visi\u00f3n sobre los problemas actuales de la humanidad como nunca los hab\u00edas pensado antes. Despu\u00e9s de leer este libro ver\u00e1s el mundo con otros ojos.<\/p><p>Todos sabemos todo pero no lo ponemos en pr\u00e1ctica \u00bfte resulta familiar? Te ofrezco unas originales y f\u00e1ciles herramientas para afrontar y resolver tus problemas cotidianos. Desde conceptos b\u00e1sicos como perspectiva, hiperrealidad y auto-responsabilidad.<\/p><p>Analizaremos los problemas actuales con una perspectiva completa, observando el pasado, presente y futuro de temas como: el trabajo, la salud mental, las redes sociales, el ecologismo, el feminismo, el sexo, la familia, el dinero, los gobiernos, as\u00ed como las ideas y valores en este mundo globalizado.<\/p><p>Una visi\u00f3n humanista de la realidad, que te har\u00e1 valorarte, valorar a los dem\u00e1s y valorar lo mucho o poco que tengas.<\/p><p>\u00a1Hagamos marca! \u00bfHacemos algo juntos?<\/p>\t\t\t\t\t\t<\/div>\n\t\t\t\t<\/div>\n\t\t\t\t<div class=\"elementor-element elementor-element-9bcb82d elementor-widget elementor-widget-button\" data-id=\"9bcb82d\" data-element_type=\"widget\" data-widget_type=\"button.default\">\n\t\t\t\t<div class=\"elementor-widget-container\">\n\t\t\t\t\t<div class=\"elementor-button-wrapper\">\n\t\t\t<a href=\"#\" class=\"elementor-button-link elementor-button elementor-size-md\" role=\"button\">\n\t\t\t\t\t\t<span class=\"elementor-button-content-wrapper\">\n\t\t\t\t\t\t<span class=\"elementor-button-icon elementor-align-icon-left\">\n\t\t\t\t<i aria-hidden=\"true\" class=\"fab fa-amazon\"><\/i>\t\t\t<\/span>\n\t\t\t\t\t\t<span class=\"elementor-button-text\">Comprar en Amazon<\/span>\n\t\t<\/span>\n\t\t\t\t\t<\/a>\n\t\t<\/div>\n\t\t\t\t<\/div>\n\t\t\t\t<\/div>\n\t\t\t\t<div class=\"elementor-element elementor-element-d35d612 elementor-hidden-mobile elementor-widget elementor-widget-spacer\" data-id=\"d35d612\" data-element_type=\"widget\" data-widget_type=\"spacer.default\">\n\t\t\t\t<div class=\"elementor-widget-container\">\n\t\t\t\t\t<div class=\"elementor-spacer\">\n\t\t\t<div class=\"elementor-spacer-inner\"><\/div>\n\t\t<\/div>\n\t\t\t\t<\/div>\n\t\t\t\t<\/div>\n\t\t\t\t\t<\/div>\n\t\t<\/div>\n\t\t\t\t\t\t\t<\/div>\n\t\t<\/section>\n\t\t\t\t<section class=\"elementor-section elementor-top-section elementor-element elementor-element-68c847c elementor-section-boxed elementor-section-height-default elementor-section-height-default\" data-id=\"68c847c\" data-element_type=\"section\">\n\t\t\t\t\t\t<div class=\"elementor-container elementor-column-gap-default\">\n\t\t\t\t\t<div class=\"elementor-column elementor-col-100 elementor-top-column elementor-element elementor-element-8ab8ec5\" data-id=\"8ab8ec5\" data-element_type=\"column\">\n\t\t\t<div class=\"elementor-widget-wrap elementor-element-populated\">\n\t\t\t\t\t\t\t\t<div class=\"elementor-element elementor-element-223f070 elementor-widget elementor-widget-heading\" data-id=\"223f070\" data-element_type=\"widget\" data-widget_type=\"heading.default\">\n\t\t\t\t<div class=\"elementor-widget-container\">\n\t\t\t<h2 class=\"elementor-heading-title elementor-size-default\">Sobre el Autor<\/h2>\t\t<\/div>\n\t\t\t\t<\/div>\n\t\t\t\t\t<\/div>\n\t\t<\/div>\n\t\t\t\t\t\t\t<\/div>\n\t\t<\/section>\n\t\t\t\t<section class=\"elementor-section elementor-top-section elementor-element elementor-element-a340dbb elementor-section-stretched elementor-section-boxed elementor-section-height-default elementor-section-height-default\" data-id=\"a340dbb\" data-element_type=\"section\" data-settings=\"{&quot;stretch_section&quot;:&quot;section-stretched&quot;}\">\n\t\t\t\t\t\t<div class=\"elementor-container elementor-column-gap-default\">\n\t\t\t\t\t<div class=\"elementor-column elementor-col-50 elementor-top-column elementor-element elementor-element-a814a77\" data-id=\"a814a77\" data-element_type=\"column\">\n\t\t\t<div class=\"elementor-widget-wrap elementor-element-populated\">\n\t\t\t\t\t\t\t\t<div class=\"elementor-element elementor-element-07793c1 eael-team-align-eael-team-align-default elementor-widget elementor-widget-eael-team-member\" data-id=\"07793c1\" data-element_type=\"widget\" data-widget_type=\"eael-team-member.default\">\n\t\t\t\t<div class=\"elementor-widget-container\">\n\t\t\t\n\n\t<div id=\"eael-team-member-07793c1\" class=\"eael-team-item eael-team-members-simple \">\n\t\t<div class=\"eael-team-item-inner\">\n\t\t\t<div class=\"eael-team-image\">\n\t\t\t\t<figure>\n\t\t\t\t\t<img decoding=\"async\" src=\"https:\/\/www.lovehumans.es\/wp-content\/uploads\/2021\/12\/WhatsApp-Image-2021-11-24-at-13.52.33-e1638537691923.jpeg\" alt=\"\">\n\t\t\t\t<\/figure>\n\t\t\t\t\t\t\t<\/div>\n\n\t\t\t<div class=\"eael-team-content\">\n\t\t\t\t<h3 class=\"eael-team-member-name\">David Izquierdo Achalandabaso<\/h3>\n\t\t\t\t<h4 class=\"eael-team-member-position\">Humanista, emprendedor, estudioso y so\u00f1ador. <\/h4>\n\n\t\t\t\t\t\t\t\t\t\t\t\t\t\t\t<ul class=\"eael-team-member-social-profiles\">\n\t\t\t\t\t\t\t\t\t\t\t\t\t\t\t\t\t\t\t\t\t\t\t\t\t\t\t\t\t\t\t\t\t\t\t\t\t\t\t\t\t<li class=\"eael-team-member-social-link\">\n\t\t\t\t\t\t\t\t\t\t<a href=\"https:\/\/www.facebook.com\/LoveHumansDI\"  target=\"_blank\">\n\t\t\t\t\t\t\t\t\t\t\t\t\t\t\t\t\t\t\t\t\t\t\t\t\t\t\t\t\t\t\t\t\t\t\t\t<i class=\"fab fa-facebook-square\"><\/i>\n\t\t\t\t\t\t\t\t\t\t\t\t\t\t\t\t\t\t\t\t\t\t\t\t\t\t\t\t\t\t\t\t\t<\/a>\n\t\t\t\t\t\t\t\t\t<\/li>\n\t\t\t\t\t\t\t\t\t\t\t\t\t\t\t\t\t\t\t\t\t\t\t\t\t\t\t\t\t\t\t\t\t\t\t\t\t\t\t\t\t\t\t\t\t\t\t\t\t<li class=\"eael-team-member-social-link\">\n\t\t\t\t\t\t\t\t\t\t<a href=\"https:\/\/www.instagram.com\/lovehumansdi\/\"  target=\"_blank\">\n\t\t\t\t\t\t\t\t\t\t\t\t\t\t\t\t\t\t\t\t\t\t\t\t\t\t\t\t\t\t\t\t\t\t\t\t<i class=\"fab fa-instagram\"><\/i>\n\t\t\t\t\t\t\t\t\t\t\t\t\t\t\t\t\t\t\t\t\t\t\t\t\t\t\t\t\t\t\t\t\t<\/a>\n\t\t\t\t\t\t\t\t\t<\/li>\n\t\t\t\t\t\t\t\t\t\t\t\t\t\t\t\t\t\t\t\t\t\t\t\t\t\t\t\t\t\t\t\t\t\t\t\t\t\t\t\t\t\t\t\t\t\t\t\t\t<li class=\"eael-team-member-social-link\">\n\t\t\t\t\t\t\t\t\t\t<a href=\"https:\/\/twitter.com\/LoveHumansDavid\"  target=\"_blank\">\n\t\t\t\t\t\t\t\t\t\t\t\t\t\t\t\t\t\t\t\t\t\t\t\t\t\t\t\t\t\t\t\t\t\t\t\t<i class=\"fab fa-twitter\"><\/i>\n\t\t\t\t\t\t\t\t\t\t\t\t\t\t\t\t\t\t\t\t\t\t\t\t\t\t\t\t\t\t\t\t\t<\/a>\n\t\t\t\t\t\t\t\t\t<\/li>\n\t\t\t\t\t\t\t\t\t\t\t\t\t\t\t\t\t\t\t\t\t\t\t\t\t\t\t\t\t\t\t\t\t\t\t\t\t\t\t\t\t\t\t\t\t\t\t\t\t<li class=\"eael-team-member-social-link\">\n\t\t\t\t\t\t\t\t\t\t<a href=\"https:\/\/www.linkedin.com\/in\/david-izquierdo-achalandabaso-2a371ba0\"  target=\"_blank\">\n\t\t\t\t\t\t\t\t\t\t\t\t\t\t\t\t\t\t\t\t\t\t\t\t\t\t\t\t\t\t\t\t\t\t\t\t<i class=\"fab fa-linkedin\"><\/i>\n\t\t\t\t\t\t\t\t\t\t\t\t\t\t\t\t\t\t\t\t\t\t\t\t\t\t\t\t\t\t\t\t\t<\/a>\n\t\t\t\t\t\t\t\t\t<\/li>\n\t\t\t\t\t\t\t\t\t\t\t\t\t\t\t\t\t\t\t\t\t<\/ul>\n\t\t\t\t\t\t\t\t\t\t<p class=\"eael-team-text\"><\/p>\n\t\t\t\t\t\t\t<\/div>\n\t\t<\/div>\n\t<\/div>\n\t\t\t<\/div>\n\t\t\t\t<\/div>\n\t\t\t\t\t<\/div>\n\t\t<\/div>\n\t\t\t\t<div class=\"elementor-column elementor-col-50 elementor-top-column elementor-element elementor-element-138d017\" data-id=\"138d017\" data-element_type=\"column\">\n\t\t\t<div class=\"elementor-widget-wrap elementor-element-populated\">\n\t\t\t\t\t\t\t\t<div class=\"elementor-element elementor-element-1862181 elementor-hidden-tablet elementor-hidden-mobile elementor-widget elementor-widget-spacer\" data-id=\"1862181\" data-element_type=\"widget\" data-widget_type=\"spacer.default\">\n\t\t\t\t<div class=\"elementor-widget-container\">\n\t\t\t\t\t<div class=\"elementor-spacer\">\n\t\t\t<div class=\"elementor-spacer-inner\"><\/div>\n\t\t<\/div>\n\t\t\t\t<\/div>\n\t\t\t\t<\/div>\n\t\t\t\t<div class=\"elementor-element elementor-element-45a1c45 elementor-hidden-mobile elementor-widget elementor-widget-heading\" data-id=\"45a1c45\" data-element_type=\"widget\" data-widget_type=\"heading.default\">\n\t\t\t\t<div class=\"elementor-widget-container\">\n\t\t\t<h2 class=\"elementor-heading-title elementor-size-default\">David Izquierdo<\/h2>\t\t<\/div>\n\t\t\t\t<\/div>\n\t\t\t\t<div class=\"elementor-element elementor-element-be3d196 elementor-widget elementor-widget-text-editor\" data-id=\"be3d196\" data-element_type=\"widget\" data-widget_type=\"text-editor.default\">\n\t\t\t\t<div class=\"elementor-widget-container\">\n\t\t\t\t\t\t\t<p>Nacido en San Sebasti\u00e1n en 1971 \u2014porque hay que nacer en alg\u00fan sitio\u2014, en una familia muy singular, pero sin problemas econ\u00f3micos. Licenciado en Derecho y asesor fiscal, abandon\u00e9 mi trabajo bien pagado por mi pasi\u00f3n emprendedora. Actualmente soy socio y gerente de Biziondo, una unidad de columna y traumatolog\u00eda con numerosos premios nacionales e internacionales.<\/p><p>\u00abMuchas personas se arrepienten al final de sus vidas de no haber intentado m\u00e1s cosas y cometido m\u00e1s errores. Yo, sin embargo, he pecado de arriesgado. Casi dir\u00eda que he hecho demasiadas cosas y fracasado en muchas, pero me he levantado una y otra vez. De algunas he aprendido, tanto personal como empresarialmente y estoy encantado de compartir mis errores y fracasos para que t\u00fa no los cometas. Tengo la humilde y probablemente ut\u00f3pica ilusi\u00f3n de inspirar un movimiento global para mejorar el bienestar individual y colectivo de todos los seres humanos. Os admiro\u00bb.<\/p>\t\t\t\t\t\t<\/div>\n\t\t\t\t<\/div>\n\t\t\t\t\t<\/div>\n\t\t<\/div>\n\t\t\t\t\t\t\t<\/div>\n\t\t<\/section>\n\t\t\t\t\t\t<\/div>\n\t\t\t\t\t<\/div>\n\t\t","protected":false},"excerpt":{"rendered":"<p>1000 IDEAS PARA VIVIR EN EL SIGLO XXI Este libro pretende inspirar [&hellip;]<\/p>\n","protected":false},"author":1,"featured_media":0,"parent":0,"menu_order":0,"comment_status":"closed","ping_status":"closed","template":"page-templates\/page_front-page.php","meta":{"amazonpipp_noncename":"","amazon-product-isactive":"","amazon-product-single-asin":"","amazon-product-content-location":"","amazon-product-content-hook-override":"","amazon-product-excerpt-hook-override":"","amazon-product-singular-only":"","amazon-product-amazon-desc":"","amazon-product-show-gallery":"","amazon-product-show-features":"","amazon-product-newwindow":"","amazon-product-show-list-price":"","amazon-product-show-used-price":"","amazon-product-show-saved-amt":"","amazon-product-timestamp":"","amazon-product-new-title":"","amazon-product-use-cartURL":"","amazon_featured_post_meta_key":"","_amazon_featured_alt":"","amazon-product-template":"","footnotes":""},"class_list":["post-245","page","type-page","status-publish","hentry"],"yoast_head":"<!-- This site is optimized with the Yoast SEO plugin v17.5 - https:\/\/yoast.com\/wordpress\/plugins\/seo\/ -->\n<title>Inicio - Love Humans<\/title>\n<meta name=\"robots\" content=\"index, follow, max-snippet:-1, max-image-preview:large, max-video-preview:-1\" \/>\n<link rel=\"canonical\" href=\"http:\/\/www.lovehumans.es\/\" \/>\n<meta property=\"og:locale\" content=\"es_ES\" \/>\n<meta property=\"og:type\" content=\"article\" \/>\n<meta property=\"og:title\" content=\"Inicio - Love Humans\" \/>\n<meta property=\"og:description\" content=\"1000 IDEAS PARA VIVIR EN EL SIGLO XXI Este libro pretende inspirar [&hellip;]\" \/>\n<meta property=\"og:url\" content=\"http:\/\/www.lovehumans.es\/\" \/>\n<meta property=\"og:site_name\" content=\"Love Humans\" \/>\n<meta property=\"article:modified_time\" content=\"2021-12-03T14:47:08+00:00\" \/>\n<meta property=\"og:image\" content=\"http:\/\/www.lovehumans.es\/wp-content\/uploads\/2021\/12\/WhatsApp-Image-2021-11-24-at-13.52.33-e1638537691923.jpeg\" \/>\n<meta name=\"twitter:card\" content=\"summary_large_image\" \/>\n<meta name=\"twitter:label1\" content=\"Tiempo de lectura\" \/>\n\t<meta name=\"twitter:data1\" content=\"3 minutos\" \/>\n<script type=\"application\/ld+json\" class=\"yoast-schema-graph\">{\"@context\":\"https:\/\/schema.org\",\"@graph\":[{\"@type\":\"WebSite\",\"@id\":\"http:\/\/www.lovehumans.es\/#website\",\"url\":\"http:\/\/www.lovehumans.es\/\",\"name\":\"Love Humans\",\"description\":\"David izquierdo\",\"potentialAction\":[{\"@type\":\"SearchAction\",\"target\":{\"@type\":\"EntryPoint\",\"urlTemplate\":\"http:\/\/www.lovehumans.es\/?s={search_term_string}\"},\"query-input\":\"required name=search_term_string\"}],\"inLanguage\":\"es\"},{\"@type\":\"ImageObject\",\"@id\":\"http:\/\/www.lovehumans.es\/#primaryimage\",\"inLanguage\":\"es\",\"url\":\"http:\/\/www.lovehumans.es\/wp-content\/uploads\/2021\/12\/WhatsApp-Image-2021-11-24-at-13.52.33-e1638537691923.jpeg\",\"contentUrl\":\"http:\/\/www.lovehumans.es\/wp-content\/uploads\/2021\/12\/WhatsApp-Image-2021-11-24-at-13.52.33-e1638537691923.jpeg\"},{\"@type\":\"WebPage\",\"@id\":\"http:\/\/www.lovehumans.es\/#webpage\",\"url\":\"http:\/\/www.lovehumans.es\/\",\"name\":\"Inicio - Love Humans\",\"isPartOf\":{\"@id\":\"http:\/\/www.lovehumans.es\/#website\"},\"primaryImageOfPage\":{\"@id\":\"http:\/\/www.lovehumans.es\/#primaryimage\"},\"datePublished\":\"2021-11-03T10:20:29+00:00\",\"dateModified\":\"2021-12-03T14:47:08+00:00\",\"breadcrumb\":{\"@id\":\"http:\/\/www.lovehumans.es\/#breadcrumb\"},\"inLanguage\":\"es\",\"potentialAction\":[{\"@type\":\"ReadAction\",\"target\":[\"http:\/\/www.lovehumans.es\/\"]}]},{\"@type\":\"BreadcrumbList\",\"@id\":\"http:\/\/www.lovehumans.es\/#breadcrumb\",\"itemListElement\":[{\"@type\":\"ListItem\",\"position\":1,\"name\":\"Home\",\"item\":\"http:\/\/www.lovehumans.es\/\"},{\"@type\":\"ListItem\",\"position\":2,\"name\":\"Inicio\"}]}]}<\/script>\n<!-- \/ Yoast SEO plugin. -->","yoast_head_json":{"title":"Inicio - Love Humans","robots":{"index":"index","follow":"follow","max-snippet":"max-snippet:-1","max-image-preview":"max-image-preview:large","max-video-preview":"max-video-preview:-1"},"canonical":"http:\/\/www.lovehumans.es\/","og_locale":"es_ES","og_type":"article","og_title":"Inicio - Love Humans","og_description":"1000 IDEAS PARA VIVIR EN EL SIGLO XXI Este libro pretende inspirar [&hellip;]","og_url":"http:\/\/www.lovehumans.es\/","og_site_name":"Love Humans","article_modified_time":"2021-12-03T14:47:08+00:00","og_image":[{"url":"http:\/\/www.lovehumans.es\/wp-content\/uploads\/2021\/12\/WhatsApp-Image-2021-11-24-at-13.52.33-e1638537691923.jpeg"}],"twitter_card":"summary_large_image","twitter_misc":{"Tiempo de lectura":"3 minutos"},"schema":{"@context":"https:\/\/schema.org","@graph":[{"@type":"WebSite","@id":"http:\/\/www.lovehumans.es\/#website","url":"http:\/\/www.lovehumans.es\/","name":"Love Humans","description":"David izquierdo","potentialAction":[{"@type":"SearchAction","target":{"@type":"EntryPoint","urlTemplate":"http:\/\/www.lovehumans.es\/?s={search_term_string}"},"query-input":"required name=search_term_string"}],"inLanguage":"es"},{"@type":"ImageObject","@id":"http:\/\/www.lovehumans.es\/#primaryimage","inLanguage":"es","url":"http:\/\/www.lovehumans.es\/wp-content\/uploads\/2021\/12\/WhatsApp-Image-2021-11-24-at-13.52.33-e1638537691923.jpeg","contentUrl":"http:\/\/www.lovehumans.es\/wp-content\/uploads\/2021\/12\/WhatsApp-Image-2021-11-24-at-13.52.33-e1638537691923.jpeg"},{"@type":"WebPage","@id":"http:\/\/www.lovehumans.es\/#webpage","url":"http:\/\/www.lovehumans.es\/","name":"Inicio - Love Humans","isPartOf":{"@id":"http:\/\/www.lovehumans.es\/#website"},"primaryImageOfPage":{"@id":"http:\/\/www.lovehumans.es\/#primaryimage"},"datePublished":"2021-11-03T10:20:29+00:00","dateModified":"2021-12-03T14:47:08+00:00","breadcrumb":{"@id":"http:\/\/www.lovehumans.es\/#breadcrumb"},"inLanguage":"es","potentialAction":[{"@type":"ReadAction","target":["http:\/\/www.lovehumans.es\/"]}]},{"@type":"BreadcrumbList","@id":"http:\/\/www.lovehumans.es\/#breadcrumb","itemListElement":[{"@type":"ListItem","position":1,"name":"Home","item":"http:\/\/www.lovehumans.es\/"},{"@type":"ListItem","position":2,"name":"Inicio"}]}]}},"_links":{"self":[{"href":"https:\/\/www.lovehumans.es\/index.php\/wp-json\/wp\/v2\/pages\/245","targetHints":{"allow":["GET"]}}],"collection":[{"href":"https:\/\/www.lovehumans.es\/index.php\/wp-json\/wp\/v2\/pages"}],"about":[{"href":"https:\/\/www.lovehumans.es\/index.php\/wp-json\/wp\/v2\/types\/page"}],"author":[{"embeddable":true,"href":"https:\/\/www.lovehumans.es\/index.php\/wp-json\/wp\/v2\/users\/1"}],"replies":[{"embeddable":true,"href":"https:\/\/www.lovehumans.es\/index.php\/wp-json\/wp\/v2\/comments?post=245"}],"version-history":[{"count":118,"href":"https:\/\/www.lovehumans.es\/index.php\/wp-json\/wp\/v2\/pages\/245\/revisions"}],"predecessor-version":[{"id":482,"href":"https:\/\/www.lovehumans.es\/index.php\/wp-json\/wp\/v2\/pages\/245\/revisions\/482"}],"wp:attachment":[{"href":"https:\/\/www.lovehumans.es\/index.php\/wp-json\/wp\/v2\/media?parent=245"}],"curies":[{"name":"wp","href":"https:\/\/api.w.org\/{rel}","templated":true}]}}